{"id":287,"date":"2015-03-10T18:56:50","date_gmt":"2015-03-10T16:56:50","guid":{"rendered":"http:\/\/www.immobilie-haus-verkaufen.info\/?page_id=287"},"modified":"2018-03-16T17:34:04","modified_gmt":"2018-03-16T15:34:04","slug":"impressum-1","status":"publish","type":"page","link":"https:\/\/www.immobilie-haus-verkaufen.info\/?page_id=287","title":{"rendered":"Impressum"},"content":{"rendered":"<p>Prill-Immobilien<\/p>\n<p>Telefon: +49 (0) 341\/ 602 29 18<br \/>\nTelefax: +49 (0) 341\/ 601 74 21<br \/>\nAnsprechpartner: Horst Prill<br \/>\nGogolstr. 45 \u2013 04357 Leipzig<\/p>\n<p>eMail: info@prill-immobilien-leipzig.de<br \/>\nRechtsform: Einzelunternehmen<br \/>\nAufsichtsbeh\u00f6rde:<br \/>\nStadt Leipzig Ordnungsamt\/ Abt.Sicherheitsbeh\u00f6rde, 04092 Leipzig<\/p>\n<p>USt-IdNr.: DE 141 469 433<\/p>\n<p>&#8212;<\/p>\n<p><strong>Wiederrufsrecht<\/strong><\/p>\n<p><a href=\"http:\/\/www.prill-immobilienmakler-leipzig.de\/widerrufsbelehrung\/\" target=\"_blank\">www.prill-immobilienmakler-leipzig.de\/widerrufsbelehrung\/<\/a><\/p>\n<p>&#8212;<\/p>\n<p><strong>Verbraucherinformationen<\/strong><\/p>\n<p>Online-Streitbeilegung gem\u00e4\u00df Art. 14 Abs. 1 ODR-VO:<br \/>\nDie Europ\u00e4ische Kommission stellt eine Plattform zur Online-Streitbeilegung (OS) bereit,<br \/>\ndie Sie hier finden: https:\/\/ec.europa.eu\/consumers\/odr<\/p>\n<p>&#8212;<\/p>\n<p><strong>Ombudsmann Immobilien IVD\/VPB \u2013 Informationspflicht nach \u00a7 36 VSBG<\/strong><\/p>\n<p>Der Immobilienverband Deutschland IVD e.V. hat mit Beteiligung des Verbraucherverbandes Verband Privater Bauherren e.V. (VPB) eine Schlichtungsstelle nach Ma\u00dfgabe des Verbraucherstreitbeilegungsgesetzes (VSBG) eingerichtet. Vor der Schlichtungsstelle k\u00f6nnen u. a. Streitigkeiten zwischen Verbrauchern und Mitgliedern des IVD in einem au\u00dfergerichtlichen Schlichtungsverfahren beigelegt werden.<\/p>\n<p>Die Prill Immobilien ist Mitglied im IVD und aufgrund der Satzung des IVD verpflichtet, gegen\u00fcber der Ombudsstelle eine schriftliche Stellungnahme abzugeben, wenn diese ein Verfahren einleitet. An Schlichtungsverfahren bei anderen Schlichtungsstellen nimmt die Prill Immobilien grunds\u00e4tzlich nicht teil.<\/p>\n<p>Die Anschrift der Schlichtungsstelle des IVD lautet: Ombudsmann Immobilien IVD\/VPB \u2013 Grunderwerb und -verwaltung, Littenstra\u00dfe 10, 10179 Berlin. Weitere Informationen zur Schlichtungsstelle (z.B. weitere Kommunikationsdaten, Verfahrensordnung) erhalten Sie unter http:\/\/www.ombudsmann-immobilien.net &lt;http:\/\/www.ivd-newsletter.net\/link.php?link=01_02_04_197_9&gt; .<\/p>\n<p>&#8212;<\/p>\n<p><strong>Datenschutzhinweis<\/strong><br \/>\nDiese Website benutzt Google Analytics, einen Webanalysedienst der Google Inc. (\u201eGoogle\u201c). Google Analytics verwendet sog. \u201eCookies\u201c, Textdateien, die auf Ihrem Computer gespeichert werden und die eine Analyse der Benutzung der Website durch Sie erm\u00f6glichen. Die durch den Cookie erzeugten Informationen \u00fcber Ihre Benutzung dieser Website (einschlie\u00dflich Ihrer IP-Adresse) wird an einen Server von Google in den USA \u00fcbertragen und dort gespeichert. Google wird diese Informationen benutzen, um Ihre Nutzung der Website auszuwerten, um Reports \u00fcber die Websiteaktivit\u00e4ten f\u00fcr die Websitebetreiber zusammenzustellen und um weitere mit der Websitenutzung und der Internetnutzung verbundene Dienstleistungen zu erbringen. Auch wird Google diese Informationen gegebenenfalls an Dritte \u00fcbertragen, sofern dies gesetzlich vorgeschrieben oder soweit Dritte diese Daten im Auftrag von Google verarbeiten. Google wird in keinem Fall Ihre IP-Adresse mit anderen Daten von Google in Verbindung bringen. Sie k\u00f6nnen die Installation der Cookies durch eine entsprechende Einstellung Ihrer Browser Software verhindern; wir weisen Sie jedoch darauf hin, dass Sie in diesem Fall gegebenenfalls nicht s\u00e4mtliche Funktionen dieser Website vollumf\u00e4nglich nutzen k\u00f6nnen. Durch die Nutzung dieser Website erkl\u00e4ren Sie sich mit der Bearbeitung der \u00fcber Sie erhobenen Daten durch Google in der zuvor beschriebenen Art und Weise und zu dem zuvor benannten Zweck einverstanden.<\/p>\n<p>Rechtliche Hinweise f\u00fcr den Inhalt der Internetpr\u00e4senz:<br \/>\nPrill-Immobilien \u00fcbernimmt keinerlei Gew\u00e4hr f\u00fcr die Aktualit\u00e4t, Korrektheit, Vollst\u00e4ndigkeit, oder Qualit\u00e4t der bereitgestellten Informationen. Haftungsanspr\u00fcche gegen Prill-Immobilien, welche sich auf Sch\u00e4den materieller oder ideeller Art beziehen, die durch die Nutzung oder Nichtnutzung der dargebotenen Informationen bzw. durch die Nutzung fehlerhafter und unvollst\u00e4ndiger Informationen verursacht wurden sind grunds\u00e4tzlich ausgeschlossen, sofern von Prill-Immobilien kein nachweislich vors\u00e4tzliches oder grob fahrl\u00e4ssiges Verschulden vorliegt.<\/p>\n<p>Alle Angebote sind freibleibend und unverbindlich. Prill-Immobilien beh\u00e4lt es sich ausdr\u00fccklich vor, Teile der Seiten oder das gesamte Angebot ohne gesonderte Ank\u00fcndigung zu ver\u00e4ndern, zu erg\u00e4nzen, zu l\u00f6schen oder die Ver\u00f6ffentlichung zeitweise, oder endg\u00fcltig einzustellen.<\/p>\n<p><strong>Haftungshinweis<\/strong><\/p>\n<p>Trotz sorgf\u00e4ltiger inhaltlicher Kontrolle \u00fcbernehmen wir keine Haftung f\u00fcr die Inhalte externer Links. F\u00fcr den Inhalt der verlinkten Seiten sind ausschlie\u00dflich deren Betreiber verantwortlich.<\/p>\n","protected":false},"excerpt":{"rendered":"<p>Prill-Immobilien Telefon: +49 (0) 341\/ 602 29 18 Telefax: +49 (0) 341\/ 601 74 21 Ansprechpartner: Horst Prill Gogolstr. 45 \u2013 04357 Leipzig eMail: info@prill-immobilien-leipzig.de Rechtsform: Einzelunternehmen Aufsichtsbeh\u00f6rde: Stadt Leipzig Ordnungsamt\/ Abt.Sicherheitsbeh\u00f6rde, 04092 Leipzig USt-IdNr.: DE 141 469 433 &#8212; Wiederrufsrecht www.prill-immobilienmakler-leipzig.de\/widerrufsbelehrung\/ &#8212; Verbraucherinformationen Online-Streitbeilegung gem\u00e4\u00df Art. 14 Abs. 1 ODR-VO: Die Europ\u00e4ische Kommission stellt [&hellip;]<\/p>\n","protected":false},"author":1,"featured_media":0,"parent":0,"menu_order":50,"comment_status":"open","ping_status":"closed","template":"","meta":[],"yoast_head":"<!-- This site is optimized with the Yoast SEO plugin v21.1 - https:\/\/yoast.com\/wordpress\/plugins\/seo\/ -->\n<title>Impressum - Immobilie und Haus verkaufen Info<\/title>\n<meta name=\"robots\" content=\"index, follow, max-snippet:-1, max-image-preview:large, max-video-preview:-1\" \/>\n<link rel=\"canonical\" href=\"https:\/\/www.immobilie-haus-verkaufen.info\/?page_id=287\" \/>\n<meta property=\"og:locale\" content=\"de_DE\" \/>\n<meta property=\"og:type\" content=\"article\" \/>\n<meta property=\"og:title\" content=\"Impressum - Immobilie und Haus verkaufen Info\" \/>\n<meta property=\"og:description\" content=\"Prill-Immobilien Telefon: +49 (0) 341\/ 602 29 18 Telefax: +49 (0) 341\/ 601 74 21 Ansprechpartner: Horst Prill Gogolstr. 45 \u2013 04357 Leipzig eMail: info@prill-immobilien-leipzig.de Rechtsform: Einzelunternehmen Aufsichtsbeh\u00f6rde: Stadt Leipzig Ordnungsamt\/ Abt.Sicherheitsbeh\u00f6rde, 04092 Leipzig USt-IdNr.: DE 141 469 433 &#8212; Wiederrufsrecht www.prill-immobilienmakler-leipzig.de\/widerrufsbelehrung\/ &#8212; Verbraucherinformationen Online-Streitbeilegung gem\u00e4\u00df Art. 14 Abs. 1 ODR-VO: Die Europ\u00e4ische Kommission stellt [&hellip;]\" \/>\n<meta property=\"og:url\" content=\"https:\/\/www.immobilie-haus-verkaufen.info\/?page_id=287\" \/>\n<meta property=\"og:site_name\" content=\"Immobilie und Haus verkaufen Info\" \/>\n<meta property=\"article:modified_time\" content=\"2018-03-16T15:34:04+00:00\" \/>\n<meta name=\"twitter:label1\" content=\"Gesch\u00e4tzte Lesezeit\" \/>\n\t<meta name=\"twitter:data1\" content=\"3\u00a0Minuten\" \/>\n<script type=\"application\/ld+json\" class=\"yoast-schema-graph\">{\"@context\":\"https:\/\/schema.org\",\"@graph\":[{\"@type\":\"WebPage\",\"@id\":\"https:\/\/www.immobilie-haus-verkaufen.info\/?page_id=287\",\"url\":\"https:\/\/www.immobilie-haus-verkaufen.info\/?page_id=287\",\"name\":\"Impressum - Immobilie und Haus verkaufen Info\",\"isPartOf\":{\"@id\":\"https:\/\/www.immobilie-haus-verkaufen.info\/#website\"},\"datePublished\":\"2015-03-10T16:56:50+00:00\",\"dateModified\":\"2018-03-16T15:34:04+00:00\",\"breadcrumb\":{\"@id\":\"https:\/\/www.immobilie-haus-verkaufen.info\/?page_id=287#breadcrumb\"},\"inLanguage\":\"de\",\"potentialAction\":[{\"@type\":\"ReadAction\",\"target\":[\"https:\/\/www.immobilie-haus-verkaufen.info\/?page_id=287\"]}]},{\"@type\":\"BreadcrumbList\",\"@id\":\"https:\/\/www.immobilie-haus-verkaufen.info\/?page_id=287#breadcrumb\",\"itemListElement\":[{\"@type\":\"ListItem\",\"position\":1,\"name\":\"Home\",\"item\":\"https:\/\/www.immobilie-haus-verkaufen.info\/\"},{\"@type\":\"ListItem\",\"position\":2,\"name\":\"Impressum\"}]},{\"@type\":\"WebSite\",\"@id\":\"https:\/\/www.immobilie-haus-verkaufen.info\/#website\",\"url\":\"https:\/\/www.immobilie-haus-verkaufen.info\/\",\"name\":\"Immobilie und Haus verkaufen Info\",\"description\":\"Hier finden Sie interessante Informationen Immobilie und Haus verkaufen\",\"potentialAction\":[{\"@type\":\"SearchAction\",\"target\":{\"@type\":\"EntryPoint\",\"urlTemplate\":\"https:\/\/www.immobilie-haus-verkaufen.info\/?s={search_term_string}\"},\"query-input\":\"required name=search_term_string\"}],\"inLanguage\":\"de\"}]}<\/script>\n<!-- \/ Yoast SEO plugin. -->","yoast_head_json":{"title":"Impressum - Immobilie und Haus verkaufen Info","robots":{"index":"index","follow":"follow","max-snippet":"max-snippet:-1","max-image-preview":"max-image-preview:large","max-video-preview":"max-video-preview:-1"},"canonical":"https:\/\/www.immobilie-haus-verkaufen.info\/?page_id=287","og_locale":"de_DE","og_type":"article","og_title":"Impressum - Immobilie und Haus verkaufen Info","og_description":"Prill-Immobilien Telefon: +49 (0) 341\/ 602 29 18 Telefax: +49 (0) 341\/ 601 74 21 Ansprechpartner: Horst Prill Gogolstr. 45 \u2013 04357 Leipzig eMail: info@prill-immobilien-leipzig.de Rechtsform: Einzelunternehmen Aufsichtsbeh\u00f6rde: Stadt Leipzig Ordnungsamt\/ Abt.Sicherheitsbeh\u00f6rde, 04092 Leipzig USt-IdNr.: DE 141 469 433 &#8212; Wiederrufsrecht www.prill-immobilienmakler-leipzig.de\/widerrufsbelehrung\/ &#8212; Verbraucherinformationen Online-Streitbeilegung gem\u00e4\u00df Art. 14 Abs. 1 ODR-VO: Die Europ\u00e4ische Kommission stellt [&hellip;]","og_url":"https:\/\/www.immobilie-haus-verkaufen.info\/?page_id=287","og_site_name":"Immobilie und Haus verkaufen Info","article_modified_time":"2018-03-16T15:34:04+00:00","twitter_misc":{"Gesch\u00e4tzte Lesezeit":"3\u00a0Minuten"},"schema":{"@context":"https:\/\/schema.org","@graph":[{"@type":"WebPage","@id":"https:\/\/www.immobilie-haus-verkaufen.info\/?page_id=287","url":"https:\/\/www.immobilie-haus-verkaufen.info\/?page_id=287","name":"Impressum - Immobilie und Haus verkaufen Info","isPartOf":{"@id":"https:\/\/www.immobilie-haus-verkaufen.info\/#website"},"datePublished":"2015-03-10T16:56:50+00:00","dateModified":"2018-03-16T15:34:04+00:00","breadcrumb":{"@id":"https:\/\/www.immobilie-haus-verkaufen.info\/?page_id=287#breadcrumb"},"inLanguage":"de","potentialAction":[{"@type":"ReadAction","target":["https:\/\/www.immobilie-haus-verkaufen.info\/?page_id=287"]}]},{"@type":"BreadcrumbList","@id":"https:\/\/www.immobilie-haus-verkaufen.info\/?page_id=287#breadcrumb","itemListElement":[{"@type":"ListItem","position":1,"name":"Home","item":"https:\/\/www.immobilie-haus-verkaufen.info\/"},{"@type":"ListItem","position":2,"name":"Impressum"}]},{"@type":"WebSite","@id":"https:\/\/www.immobilie-haus-verkaufen.info\/#website","url":"https:\/\/www.immobilie-haus-verkaufen.info\/","name":"Immobilie und Haus verkaufen Info","description":"Hier finden Sie interessante Informationen Immobilie und Haus verkaufen","potentialAction":[{"@type":"SearchAction","target":{"@type":"EntryPoint","urlTemplate":"https:\/\/www.immobilie-haus-verkaufen.info\/?s={search_term_string}"},"query-input":"required name=search_term_string"}],"inLanguage":"de"}]}},"_links":{"self":[{"href":"https:\/\/www.immobilie-haus-verkaufen.info\/index.php?rest_route=\/wp\/v2\/pages\/287"}],"collection":[{"href":"https:\/\/www.immobilie-haus-verkaufen.info\/index.php?rest_route=\/wp\/v2\/pages"}],"about":[{"href":"https:\/\/www.immobilie-haus-verkaufen.info\/index.php?rest_route=\/wp\/v2\/types\/page"}],"author":[{"embeddable":true,"href":"https:\/\/www.immobilie-haus-verkaufen.info\/index.php?rest_route=\/wp\/v2\/users\/1"}],"replies":[{"embeddable":true,"href":"https:\/\/www.immobilie-haus-verkaufen.info\/index.php?rest_route=%2Fwp%2Fv2%2Fcomments&post=287"}],"version-history":[{"count":7,"href":"https:\/\/www.immobilie-haus-verkaufen.info\/index.php?rest_route=\/wp\/v2\/pages\/287\/revisions"}],"predecessor-version":[{"id":349,"href":"https:\/\/www.immobilie-haus-verkaufen.info\/index.php?rest_route=\/wp\/v2\/pages\/287\/revisions\/349"}],"wp:attachment":[{"href":"https:\/\/www.immobilie-haus-verkaufen.info\/index.php?rest_route=%2Fwp%2Fv2%2Fmedia&parent=287"}],"curies":[{"name":"wp","href":"https:\/\/api.w.org\/{rel}","templated":true}]}}